{"id":20650,"date":"2026-04-07T09:00:29","date_gmt":"2026-04-07T09:00:29","guid":{"rendered":"https:\/\/josunegoxotegia.com\/?page_id=20650"},"modified":"2026-04-15T10:40:15","modified_gmt":"2026-04-15T10:40:15","slug":"aviso-legal","status":"publish","type":"page","link":"https:\/\/josunegoxotegia.com\/?page_id=20650","title":{"rendered":"AVISO LEGAL"},"content":{"rendered":"<div class=\"fusion-fullwidth fullwidth-box fusion-builder-row-1 fusion-flex-container nonhundred-percent-fullwidth non-hundred-percent-height-scrolling\" style=\"background-color: rgba(255,255,255,0);background-position: center center;background-repeat: no-repeat;border-width: 0px 0px 0px 0px;border-color:#eae9e9;border-style:solid;\" ><div class=\"fusion-builder-row fusion-row fusion-flex-align-items-flex-start\" style=\"max-width:1216.8px;margin-left: calc(-4% \/ 2 );margin-right: calc(-4% \/ 2 );\"><div class=\"fusion-layout-column fusion_builder_column fusion-builder-column-0 fusion_builder_column_1_1 1_1 fusion-flex-column\"><div class=\"fusion-column-wrapper fusion-flex-justify-content-flex-start fusion-content-layout-column\" style=\"background-position:left top;background-repeat:no-repeat;-webkit-background-size:cover;-moz-background-size:cover;-o-background-size:cover;background-size:cover;padding: 0px 0px 0px 0px;\"><div class=\"fusion-text fusion-text-1\"><p><strong>MAYRA ISABEL VARGAS PEREZ<\/strong><br \/><strong>DNI:<\/strong> 60221504Y<br \/><strong>DIRECCION: <\/strong>Calle Azara n\u00ba5 \u2013\u00a0 Zarautz \u2013\u00a0 20800 \u2013 Gipuzkoa<\/p>\n<\/div><div class=\"fusion-text fusion-text-2\"><p>Los textos, im\u00e1genes, animaciones y el resto del contenido de esta web, son propiedad de <strong>MAYRA\u00a0ISABEL VARGAS PEREZ<\/strong><br \/>Cualquier transmisi\u00f3n, reproducci\u00f3n o almacenamiento, total o parcial, debe conllevar el previo y expreso consentimiento por escrito de <strong>MAYRA\u00a0ISABEL VARGAS PEREZ<\/strong>, salvo se indique lo contrario.<br \/>El logotipo y el nombre comercial son marcas registradas de <strong>MAYRA\u00a0ISABEL VARGAS PEREZ<\/strong><br \/>Este sitio web puede contener enlaces a p\u00e1ginas externas sobre las cuales <strong>MAYRA\u00a0ISABEL VARGAS PEREZ<\/strong><strong>.<\/strong>\u00a0no se responsabiliza ni de los contenidos ni de cualquier otro aspecto relacionado con dichos sitios web.<\/p>\n<\/div><div class=\"fusion-text fusion-text-3\" style=\"font-size:24px;font-family:&quot;Roboto&quot;;font-weight:400;\"><p><strong>Pol\u00edtica de privacidad<\/strong><\/p>\n<\/div><div class=\"fusion-text fusion-text-4\"><p>En cumplimiento de la Ley 15\/1999 de Protecci\u00f3n de Datos de Car\u00e1cter Personal (LOPD), le informamos que los datos que nos faciliten en la presente web ser\u00e1n introducidos en una base de datos propiedad de \u00a0<strong>MAYRA\u00a0ISABEL VARGAS PEREZ<\/strong>\u00a0e inscrita en la Agencia Espa\u00f1ola de Protecci\u00f3n de Datos. Puede ejercer su derecho de acceso, rectificaci\u00f3n, oposici\u00f3n y cancelaci\u00f3n mediante notificaci\u00f3n escrita a la siguiente direcci\u00f3n:\u00a0<strong>MAYRA\u00a0ISABEL VARGAS PEREZ<\/strong><strong>.<\/strong><strong>\u00a0Calle Azara n\u00ba5 \u2013\u00a0 Zarautz \u2013\u00a0 20800 \u2013 Gipuzkoa<\/strong>.<\/p>\n<p>En cumplimiento de la Ley 34\/2002, de 11 de julio, de Servicios de la Sociedad de la Informaci\u00f3n y de Comercio Electr\u00f3nico (LSSICE) dichos datos podr\u00e1n ser utilizados para promociones publicitarias y prospecci\u00f3n comercial de productos de \u00a0<strong>MAYRA\u00a0ISABEL VARGAS PEREZ<\/strong><strong>.<\/strong> as\u00ed como de productos que consideremos de su inter\u00e9s. Si no desea que dichos datos sean utilizados para este fin, pueden dirigirse por correo postal a la direcci\u00f3n arriba indicada, o enviar un correo electr\u00f3nico a la direcci\u00f3n <strong><a href=\"mailto:info@josunegoxotegia.com\" target=\"_blank\" rel=\"noopener\">info@josunegoxotegia.com.<\/a><\/strong> \u00a0Si no recibimos la orden de cancelaci\u00f3n por su parte, su direcci\u00f3n de correo electr\u00f3nico seguir\u00e1 en nuestra base de datos, entendi\u00e9ndose que acepta y nos da su consentimiento y autorizaci\u00f3n expresa para dichos env\u00edos.<\/p>\n<\/div><div class=\"fusion-text fusion-text-5\" style=\"font-size:24px;font-family:&quot;Roboto&quot;;font-weight:400;\"><p><strong>Menores de edad<\/strong><\/p>\n<\/div><div class=\"fusion-text fusion-text-6\"><p>Nuestras apps est\u00e1n dirigidas exclusivamente a mayores de 14 a\u00f1os, por lo que si Usted es menor de esa edad, tiene expresamente prohibido registrarse y hacer uso de las mismas. Por estos motivos, no est\u00e1 previsto ning\u00fan sistema de autorizaci\u00f3n parental que permita acceder a la plataforma a menores de 14 a\u00f1os y mediante su registro en la plataforma Usted est\u00e1 garantizando que es mayor de dicha edad.<\/p>\n<\/div><\/div><style type=\"text\/css\">.fusion-body .fusion-builder-column-0{width:100% !important;margin-top : 0px;margin-bottom : 20px;}.fusion-builder-column-0 > .fusion-column-wrapper {padding-top : 0px !important;padding-right : 0px !important;margin-right : 1.92%;padding-bottom : 0px !important;padding-left : 0px !important;margin-left : 1.92%;}@media only screen and (max-width:1024px) {.fusion-body .fusion-builder-column-0{width:100% !important;order : 0;}.fusion-builder-column-0 > .fusion-column-wrapper {margin-right : 1.92%;margin-left : 1.92%;}}@media only screen and (max-width:640px) {.fusion-body .fusion-builder-column-0{width:100% !important;order : 0;}.fusion-builder-column-0 > .fusion-column-wrapper {margin-right : 1.92%;margin-left : 1.92%;}}<\/style><\/div><\/div><style type=\"text\/css\">.fusion-body .fusion-flex-container.fusion-builder-row-1{ padding-top : 0px;margin-top : 0px;padding-right : 0px;padding-bottom : 0px;margin-bottom : 0px;padding-left : 0px;}<\/style><\/div>\n","protected":false},"excerpt":{"rendered":"","protected":false},"author":1,"featured_media":0,"parent":0,"menu_order":0,"comment_status":"closed","ping_status":"closed","template":"","meta":{"footnotes":""},"class_list":["post-20650","page","type-page","status-publish","hentry"],"_links":{"self":[{"href":"https:\/\/josunegoxotegia.com\/index.php?rest_route=\/wp\/v2\/pages\/20650","targetHints":{"allow":["GET"]}}],"collection":[{"href":"https:\/\/josunegoxotegia.com\/index.php?rest_route=\/wp\/v2\/pages"}],"about":[{"href":"https:\/\/josunegoxotegia.com\/index.php?rest_route=\/wp\/v2\/types\/page"}],"author":[{"embeddable":true,"href":"https:\/\/josunegoxotegia.com\/index.php?rest_route=\/wp\/v2\/users\/1"}],"replies":[{"embeddable":true,"href":"https:\/\/josunegoxotegia.com\/index.php?rest_route=%2Fwp%2Fv2%2Fcomments&post=20650"}],"version-history":[{"count":5,"href":"https:\/\/josunegoxotegia.com\/index.php?rest_route=\/wp\/v2\/pages\/20650\/revisions"}],"predecessor-version":[{"id":20782,"href":"https:\/\/josunegoxotegia.com\/index.php?rest_route=\/wp\/v2\/pages\/20650\/revisions\/20782"}],"wp:attachment":[{"href":"https:\/\/josunegoxotegia.com\/index.php?rest_route=%2Fwp%2Fv2%2Fmedia&parent=20650"}],"curies":[{"name":"wp","href":"https:\/\/api.w.org\/{rel}","templated":true}]}}