{"id":20652,"date":"2026-04-01T08:23:57","date_gmt":"2026-04-01T08:23:57","guid":{"rendered":"https:\/\/josunegoxotegia.com\/?page_id=20652"},"modified":"2026-04-01T08:23:57","modified_gmt":"2026-04-01T08:23:57","slug":"politica-de-cookies","status":"publish","type":"page","link":"https:\/\/josunegoxotegia.com\/?page_id=20652","title":{"rendered":"POL\u00cdTICA DE COOKIES"},"content":{"rendered":"<div class=\"fusion-fullwidth fullwidth-box fusion-builder-row-1 fusion-flex-container nonhundred-percent-fullwidth non-hundred-percent-height-scrolling\" style=\"background-color: rgba(255,255,255,0);background-position: center center;background-repeat: no-repeat;border-width: 0px 0px 0px 0px;border-color:#eae9e9;border-style:solid;\" ><div class=\"fusion-builder-row fusion-row fusion-flex-align-items-flex-start\" style=\"max-width:1216.8px;margin-left: calc(-4% \/ 2 );margin-right: calc(-4% \/ 2 );\"><div class=\"fusion-layout-column fusion_builder_column fusion-builder-column-0 fusion_builder_column_1_1 1_1 fusion-flex-column\"><div class=\"fusion-column-wrapper fusion-flex-justify-content-flex-start fusion-content-layout-column\" style=\"background-position:left top;background-repeat:no-repeat;-webkit-background-size:cover;-moz-background-size:cover;-o-background-size:cover;background-size:cover;padding: 0px 0px 0px 0px;\"><div class=\"fusion-text fusion-text-1\"><p>Este sitio web utiliza cookies para mejorar la navegaci\u00f3n, ofrecerte una mejor experiencia de usuario y obtener datos estad\u00edsticos sobre las visitas obtenidas.<\/p>\n<p>\u00bfQu\u00e9 es una cookie?<\/p>\n<p>Una cookie es un fichero que se descarga en su ordenador al acceder a determinadas p\u00e1ginas web. Las cookies permiten a una p\u00e1gina web, entre otras cosas, almacenar y recuperar informaci\u00f3n sobre los h\u00e1bitos de navegaci\u00f3n de un usuario o de su equipo y, dependiendo de la informaci\u00f3n que contengan y de la forma en que utilice su equipo, pueden utilizarse para reconocer al usuario. En ning\u00fan caso se pueden considerar como un virus inform\u00e1tico, no da\u00f1an el ordenador ni ralentizan su funcionamiento. Se pueden eliminar en cualquier momento o rechazar configurando su navegador web.<\/p>\n<\/div><div class=\"fusion-text fusion-text-2\" style=\"font-size:23px;font-family:&quot;Roboto&quot;;font-weight:400;\"><p class=\"fusion-responsive-typography-calculated\" data-fontsize=\"22\" data-lineheight=\"33px\"><strong>\u00bfQu\u00e9 tipos de cookies utiliza esta web?<\/strong><\/p>\n<\/div><div class=\"fusion-text fusion-text-3\"><p>Seg\u00fan el plazo de tiempo que permanecen activas las cookies pueden ser:<\/p>\n<ul>\n<li>Cookies de sesi\u00f3n: dise\u00f1adas para recabar y almacenar datos mientras el usuario accede a una p\u00e1gina web. Se suelen emplear para almacenar informaci\u00f3n que s\u00f3lo interesa conservar para la prestaci\u00f3n del servicio solicitado por el usuario en una sola ocasi\u00f3n (por ejemplo, una lista de productos adquiridos).<\/li>\n<li>Cookies persistentes: Son un tipo de cookies por las que los datos siguen almacenados en el terminal y puede accederse a ellos y ser tratados durante un periodo definido. Tienen fecha de borrado. Se utilizan por ejemplo en el proceso de compra o registro para evitar tener que introducir nuestros datos constantemente.<\/li>\n<\/ul>\n<p>Seg\u00fan quien sea la entidad que gestione el equipo o dominio desde donde se env\u00edan las cookies y trate los datos que se obtengan, podemos distinguir:<\/p>\n<ul>\n<li>Cookies propias: Son aquellas que se env\u00edan al dispositivo del usuario y gestionadas exclusivamente por nosotros para el mejor funcionamiento del sitio.<\/li>\n<li>Cookies de terceros: Son aquellas que se env\u00edan al dispositivo del usuario desde un equipo o dominio que no es gestionado por nosotros sino por otra entidad, que tratar\u00e1 los datos obtenidos.<\/li>\n<\/ul>\n<p>Cuando navegue por esta web pueden instalarse en su dispositivo las siguientes cookies:<\/p>\n<ul>\n<li>Cookies de registro: Cuando el usuario entra en nuestra web e inicia sesi\u00f3n se instala una cookie propia y temporal para que pueda navegar por su zona de usuario sin tener que introducir continuamente sus datos. Esta cookie desaparecer\u00e1 cuando cierre sesi\u00f3n.<\/li>\n<li>Cookies de an\u00e1lisis: Sirven para estudiar el comportamiento de los usuarios de forma an\u00f3nima al navegar por la web. As\u00ed podremos conocer los contenidos m\u00e1s vistos, el n\u00famero de visitantes, etc. Una informaci\u00f3n que utilizaremos para mejorar la experiencia de navegaci\u00f3n y optimizar nuestros servicios. Pueden ser propias pero tambi\u00e9n de terceros. Entre \u00e9stas \u00faltimas se encuentran las cookies de Google Analytics.<\/li>\n<li>Cookies publicitarias de terceros: El objetivo es optimizar la exposici\u00f3n de anuncios publicitarios. Para gestionar estos servicios podemos utilizar plataforma publicitarias de terceros que almacenan informaci\u00f3n sobre los anuncios que han sido mostrados a un usuario, los que le interesan y si visita la web del anunciante.<\/li>\n<\/ul>\n<\/div><div class=\"fusion-text fusion-text-4\" style=\"font-size:23px;font-family:&quot;Roboto&quot;;font-weight:400;\"><p class=\"fusion-responsive-typography-calculated\" data-fontsize=\"22\" data-lineheight=\"33px\"><strong>Configuraci\u00f3n, consulta y desactivaci\u00f3n de cookies.<\/strong><\/p>\n<\/div><div class=\"fusion-text fusion-text-5\"><p>Usted puede permitir, bloquear o eliminar las cookies instaladas en su equipo en cualquier momento mediante la configuraci\u00f3n de las opciones del navegador instalado en su ordenador. Aqu\u00ed tienes informaci\u00f3n sobre c\u00f3mo hacerlo en los principales navegadores:<\/p>\n<ul>\n<li><a href=\"http:\/\/windows.microsoft.com\/es-es\/windows7\/how-to-manage-cookies-in-internet-explorer-9\" target=\"_blank\" rel=\"noopener\">C\u00f3mo eliminar cookies en Explorer<\/a><\/li>\n<li><a href=\"http:\/\/support.mozilla.org\/es\/kb\/habilitar-y-deshabilitar-cookies-que-los-sitios-we\" target=\"_blank\" rel=\"noopener\">C\u00f3mo eliminar cookies en Firefox<\/a><\/li>\n<li><a href=\"http:\/\/support.google.com\/chrome\/bin\/answer.py?hl=es&amp;answer=95647\" target=\"_blank\" rel=\"noopener\">C\u00f3mo eliminar cookies en Chrome<\/a><\/li>\n<li><a href=\"http:\/\/support.apple.com\/kb\/ph5042%20\" target=\"_blank\" rel=\"noopener\">C\u00f3mo eliminar cookies en Safari<\/a><\/li>\n<\/ul>\n<p>Todo lo relativo a las cookies de Google, tanto anal\u00edticas como publicitarias, as\u00ed como su administraci\u00f3n y configuraci\u00f3n se puede consultar en:<\/p>\n<ul>\n<li><a href=\"http:\/\/www.google.es\/intl\/es\/policies\/technologies\/types\/\" target=\"_blank\" rel=\"noopener\">http:\/\/www.google.es\/intl\/es\/policies\/technologies\/types\/<\/a><\/li>\n<li><a href=\"http:\/\/www.google.es\/policies\/technologies\/ads\/\" target=\"_blank\" rel=\"noopener\">http:\/\/www.google.es\/policies\/technologies\/ads\/<\/a><\/li>\n<li><a href=\"https:\/\/developers.google.com\/analytics\/devguides\/collection\/analyticsjs\/cookie-usage\" target=\"_blank\" rel=\"noopener\">https:\/\/developers.google.com\/analytics\/devguides\/collection\/analyticsjs\/cookie-usage<\/a><\/li>\n<\/ul>\n<p>Si decide deshabilitar las Cookies no podremos ofrecerle algunos de nuestros servicios, como por ejemplo permanecer identificado o mantener las compras en su carrito.<\/p>\n<p>Actualizaci\u00f3n de cookies<\/p>\n<p>Las cookies de esta web pueden ser actualizadas por lo que aconsejamos que revisen nuestra pol\u00edtica de forma peri\u00f3dica.<br \/>\nPara m\u00e1s informaci\u00f3n sobre el uso de Cookies puedes revisar la siguiente documentaci\u00f3n:<\/p>\n<ul>\n<li><a href=\"http:\/\/www.agpd.es\/portalwebAGPD\/canaldocumentacion\/publicaciones\/common\/Guias\/Guia_Cookies.pdf\" target=\"_blank\" rel=\"noopener\">Gu\u00eda sobre el uso de las cookies de la Agencia Espa\u00f1ola de Protecci\u00f3n de Datos<\/a><\/li>\n<\/ul>\n<\/div><\/div><style type=\"text\/css\">.fusion-body .fusion-builder-column-0{width:100% !important;margin-top : 0px;margin-bottom : 20px;}.fusion-builder-column-0 > .fusion-column-wrapper {padding-top : 0px !important;padding-right : 0px !important;margin-right : 1.92%;padding-bottom : 0px !important;padding-left : 0px !important;margin-left : 1.92%;}@media only screen and (max-width:1024px) {.fusion-body .fusion-builder-column-0{width:100% !important;order : 0;}.fusion-builder-column-0 > .fusion-column-wrapper {margin-right : 1.92%;margin-left : 1.92%;}}@media only screen and (max-width:640px) {.fusion-body .fusion-builder-column-0{width:100% !important;order : 0;}.fusion-builder-column-0 > .fusion-column-wrapper {margin-right : 1.92%;margin-left : 1.92%;}}<\/style><\/div><\/div><style type=\"text\/css\">.fusion-body .fusion-flex-container.fusion-builder-row-1{ padding-top : 0px;margin-top : 0px;padding-right : 0px;padding-bottom : 0px;margin-bottom : 0px;padding-left : 0px;}<\/style><\/div>\n","protected":false},"excerpt":{"rendered":"","protected":false},"author":1,"featured_media":0,"parent":0,"menu_order":0,"comment_status":"closed","ping_status":"closed","template":"","meta":{"footnotes":""},"class_list":["post-20652","page","type-page","status-publish","hentry"],"_links":{"self":[{"href":"https:\/\/josunegoxotegia.com\/index.php?rest_route=\/wp\/v2\/pages\/20652","targetHints":{"allow":["GET"]}}],"collection":[{"href":"https:\/\/josunegoxotegia.com\/index.php?rest_route=\/wp\/v2\/pages"}],"about":[{"href":"https:\/\/josunegoxotegia.com\/index.php?rest_route=\/wp\/v2\/types\/page"}],"author":[{"embeddable":true,"href":"https:\/\/josunegoxotegia.com\/index.php?rest_route=\/wp\/v2\/users\/1"}],"replies":[{"embeddable":true,"href":"https:\/\/josunegoxotegia.com\/index.php?rest_route=%2Fwp%2Fv2%2Fcomments&post=20652"}],"version-history":[{"count":2,"href":"https:\/\/josunegoxotegia.com\/index.php?rest_route=\/wp\/v2\/pages\/20652\/revisions"}],"predecessor-version":[{"id":20655,"href":"https:\/\/josunegoxotegia.com\/index.php?rest_route=\/wp\/v2\/pages\/20652\/revisions\/20655"}],"wp:attachment":[{"href":"https:\/\/josunegoxotegia.com\/index.php?rest_route=%2Fwp%2Fv2%2Fmedia&parent=20652"}],"curies":[{"name":"wp","href":"https:\/\/api.w.org\/{rel}","templated":true}]}}